{"id":2,"date":"2021-05-07T15:02:43","date_gmt":"2021-05-07T13:02:43","guid":{"rendered":"http:\/\/webenta.fr\/?page_id=2"},"modified":"2021-05-18T14:23:22","modified_gmt":"2021-05-18T12:23:22","slug":"page-d-exemple","status":"publish","type":"page","link":"https:\/\/webenta.fr\/index.php\/page-d-exemple\/","title":{"rendered":"Pr\u00e9sentation"},"content":{"rendered":"\n<p>Webenta vous accompagne dans la conception de votre site web ainsi que vos applications web\/mobile offrant un meilleur service \u00e0 votre d\u00e9marche associative et\/ou entreprise.<\/p>\n\n\n\n<blockquote class=\"wp-block-quote\"><p>Offrir un espace digital et informatique moderne aupr\u00e8s des adh\u00e9rents associatifs pour faciliter la gestion et le suivi des activit\u00e9s est l&#8217;un des buts de Webenta avec ces clients.<\/p><\/blockquote>\n\n\n\n<p><\/p>\n","protected":false},"excerpt":{"rendered":"<p class=\"qua-blog-post-description\">Webenta vous accompagne dans la conception de votre site web ainsi que vos applications web\/mobile offrant un meilleur service \u00e0 votre d\u00e9marche associative et\/ou entreprise. Offrir un espace digital et informatique moderne aupr\u00e8s des adh\u00e9rents associatifs pour faciliter la gestion et le suivi des activit\u00e9s est l&#8217;un des buts de Webenta avec ces clients.<\/p>\n","protected":false},"author":1,"featured_media":0,"parent":0,"menu_order":0,"comment_status":"closed","ping_status":"open","template":"","meta":[],"_links":{"self":[{"href":"https:\/\/webenta.fr\/index.php\/wp-json\/wp\/v2\/pages\/2"}],"collection":[{"href":"https:\/\/webenta.fr\/index.php\/wp-json\/wp\/v2\/pages"}],"about":[{"href":"https:\/\/webenta.fr\/index.php\/wp-json\/wp\/v2\/types\/page"}],"author":[{"embeddable":true,"href":"https:\/\/webenta.fr\/index.php\/wp-json\/wp\/v2\/users\/1"}],"replies":[{"embeddable":true,"href":"https:\/\/webenta.fr\/index.php\/wp-json\/wp\/v2\/comments?post=2"}],"version-history":[{"count":1,"href":"https:\/\/webenta.fr\/index.php\/wp-json\/wp\/v2\/pages\/2\/revisions"}],"predecessor-version":[{"id":18,"href":"https:\/\/webenta.fr\/index.php\/wp-json\/wp\/v2\/pages\/2\/revisions\/18"}],"wp:attachment":[{"href":"https:\/\/webenta.fr\/index.php\/wp-json\/wp\/v2\/media?parent=2"}],"curies":[{"name":"wp","href":"https:\/\/api.w.org\/{rel}","templated":true}]}}